{"id":218,"date":"2008-05-09T14:55:36","date_gmt":"2008-05-09T12:55:36","guid":{"rendered":"https:\/\/mode-franziska.de\/neu\/kontakt\/"},"modified":"2021-09-09T14:37:45","modified_gmt":"2021-09-09T12:37:45","slug":"kontakt","status":"publish","type":"page","link":"https:\/\/mode-franziska.de\/neu\/kontakt\/","title":{"rendered":"Kontakt"},"content":{"rendered":"<p><strong>Ma\u00dfmode Franziska<\/strong><br \/>\nFranziska Sch\u00fctzeneder<br \/>\nErlenweg 5<br \/>\nD-84359 Simbach am Inn \/ Erlach<br \/>\nTel. +49 8571 3824<br \/>\nHandy +49 151 50506020<br \/>\neMail <a href=\"mailto:atelier@mode-franziska.de\" target=\"_blank\" rel=\"noopener\">atelier@mode-franziska.de<\/a><br \/>\n<a href=\"http:\/\/www.mode-franziska.de\">www.mode-franziska.de<\/a><\/p>\n<p><strong>Anfahrt&nbsp;<\/strong><\/p>\n<div style=\"text-align: center\" align=\"center\"> <img loading=\"lazy\" decoding=\"async\" class=\" size-full wp-image-217\" src=\"https:\/\/mode-franziska.de\/neu\/wp-content\/uploads\/2008\/05\/anfahrt4.jpg\" alt=\"anfahrt4\" title=\"anfahrt4\" width=\"457\" vspace=\"5\" hspace=\"5\" height=\"195\" border=\"0\" srcset=\"https:\/\/mode-franziska.de\/neu\/wp-content\/uploads\/2008\/05\/anfahrt4.jpg 457w, https:\/\/mode-franziska.de\/neu\/wp-content\/uploads\/2008\/05\/anfahrt4-300x128.jpg 300w\" sizes=\"auto, (max-width: 457px) 100vw, 457px\" \/><\/div>\n<p><strong> <\/strong><\/p>\n<p><strong><\/p>\n<p align=\"left\"> <u>Anfahrtsbeschreibung:<\/u><\/p>\n<p><\/strong><strong> <\/strong><\/p>\n<div align=\"left\"> <strong>Aus Richtung Passau<\/strong><\/div>\n<div align=\"left\"> B 12 Richtung M\u00fcnchen, nach Prienbach Abfahrt Erlach (1,2 km), Passauer Str. &#8211; vorbei an Licht Design Skapetze, nach Unterf\u00fchrung in Kurve links<\/p>\n<\/div>\n<div align=\"left\"> <strong>Aus Richtung M\u00fcnchen und Eggenfelden<\/strong><\/div>\n<div align=\"left\"> B 12 Richtung Passau, 2. Abfahrt Simbach, Richtung Zentrum \/ Pfarrkirchner Str., Ampel links, Richtung Erlach (1,6 km), nach Kirche in Kurve geradeaus<\/p>\n<\/div>\n<div align=\"left\"> <strong>Aus Richtung Pfarrkirchen<\/strong><\/div>\n<div align=\"left\"> St 2112 Richtung Simbach, Simbach Richtung Zentrum \/ Pfarrkirchner Str., Ampel links, Richtung Erlach (1,6 km), nach Kirche in Kurve geradeaus<\/p>\n<\/div>\n<div align=\"left\"> <strong>Aus Richtung Marktl \u00fcber Kirchdorf<\/strong><\/div>\n<div align=\"left\"> Pan 26 Richtung Simbach, Simbach Richtung Zentrum \/ M\u00fcnchner Str., Ampel geradeaus, Richtung Erlach (1,6 km), nach Kirche in Kurve geradeaus<\/p>\n<\/div>\n<div align=\"left\"> <strong>Aus \u00d6sterreich \u00fcber neue Grenze<\/strong><\/div>\n<div align=\"left\"> B 12 Richtung Simbach \/ Passau, 2. Abfahrt Simbach Richtung Zentrum \/ Pfarrkirchner Str., Ampel links, Richtung Erlach (1,6 km), nach Kirche in Kurve geradeaus<\/p>\n<\/div>\n<div align=\"left\"> <strong>Aus \u00d6sterreich \u00fcber Braunau alte Grenze<\/strong><\/div>\n<div align=\"left\"> Simbach Richtung Zentrum \/ Innstr., Ampel rechts, Richtung Erlach (1,6 km), nach Kirche in Kurve geradeaus<\/div>\n","protected":false},"excerpt":{"rendered":"<p>Ma\u00dfmode Franziska Franziska Sch\u00fctzeneder Erlenweg 5 D-84359 Simbach am Inn \/ Erlach Tel. +49 8571 3824 Handy +49 151 50506020 eMail atelier@mode-franziska.de www.mode-franziska.de Anfahrt&nbsp; Anfahrtsbeschreibung: Aus Richtung Passau B 12 Richtung M\u00fcnchen, nach Prienbach Abfahrt Erlach (1,2 km), Passauer Str. &#8211; vorbei an Licht Design Skapetze, nach Unterf\u00fchrung in Kurve links Aus Richtung M\u00fcnchen und [&hellip;]<\/p>\n","protected":false},"author":1,"featured_media":217,"parent":0,"menu_order":16,"comment_status":"closed","ping_status":"closed","template":"","meta":{"_et_pb_use_builder":"","_et_pb_old_content":"","_et_gb_content_width":"793","footnotes":""},"class_list":["post-218","page","type-page","status-publish","has-post-thumbnail","hentry"],"_links":{"self":[{"href":"https:\/\/mode-franziska.de\/neu\/wp-json\/wp\/v2\/pages\/218","targetHints":{"allow":["GET"]}}],"collection":[{"href":"https:\/\/mode-franziska.de\/neu\/wp-json\/wp\/v2\/pages"}],"about":[{"href":"https:\/\/mode-franziska.de\/neu\/wp-json\/wp\/v2\/types\/page"}],"author":[{"embeddable":true,"href":"https:\/\/mode-franziska.de\/neu\/wp-json\/wp\/v2\/users\/1"}],"replies":[{"embeddable":true,"href":"https:\/\/mode-franziska.de\/neu\/wp-json\/wp\/v2\/comments?post=218"}],"version-history":[{"count":1,"href":"https:\/\/mode-franziska.de\/neu\/wp-json\/wp\/v2\/pages\/218\/revisions"}],"predecessor-version":[{"id":428,"href":"https:\/\/mode-franziska.de\/neu\/wp-json\/wp\/v2\/pages\/218\/revisions\/428"}],"wp:featuredmedia":[{"embeddable":true,"href":"https:\/\/mode-franziska.de\/neu\/wp-json\/wp\/v2\/media\/217"}],"wp:attachment":[{"href":"https:\/\/mode-franziska.de\/neu\/wp-json\/wp\/v2\/media?parent=218"}],"curies":[{"name":"wp","href":"https:\/\/api.w.org\/{rel}","templated":true}]}}