{"id":219,"date":"2008-05-09T16:35:29","date_gmt":"2008-05-09T14:35:29","guid":{"rendered":"https:\/\/mode-franziska.de\/neu\/kundenstimmen\/"},"modified":"2021-09-09T14:37:28","modified_gmt":"2021-09-09T12:37:28","slug":"kundenstimmen","status":"publish","type":"page","link":"https:\/\/mode-franziska.de\/neu\/kundenstimmen\/","title":{"rendered":"Kundenstimmen"},"content":{"rendered":"<table width=\"481\" height=\"549\" cellspacing=\"3\" cellpadding=\"3\" border=\"0\" align=\"left\">\n<tbody>\n<tr>\n<td>\n\t\t\t<span class=\"nospace\"><img loading=\"lazy\" decoding=\"async\" src=\"http:\/\/www.mode-franziska.de\/atelier\/images\/stories\/buehne\/thumbnails\/thumb_p1030588.jpg\" alt=\"thumb_p1030588\" title=\"thumb_p1030588\" width=\"118\" vspace=\"0\" hspace=\"5\" height=\"151\" border=\"0\" align=\"top\"><\/span><\/p>\n<p>&nbsp;Kundin: Claudia Schlenger<br \/>\nvon \u201eHerbert &amp; Schnipsi\u201c<\/p>\n<p><span style=\"font-size: 11px; line-height: 19px; font-family: Arial,Helvetica,Geneva,sans-serif\" class=\"Apple-style-span\">Foto: Oliver Reiser, Augsburger Allgemeine\/Privat<\/span><\/td>\n<td valign=\"top\" align=\"left\">\n\t\t\tFranziska ist die ideale Kost\u00fcmbildnerin f\u00fcr uns. Sie stellt sich auf die besonderen B\u00fchnengegebenheiten ein, d.h. wegen schneller Kost\u00fcmwechsel zwischendurch m\u00fcssen die Sachen bequem und leicht zu handhaben sein.F\u00fcr die verr\u00fccktesten Kost\u00fcmideen findet Franziska immer eine L\u00f6sung.Au\u00dferdem sind die Kost\u00fcme robust, damit sie die vielen Ein- und Auspackereien auf unseren Tourneen gut \u00fcberstehen.<\/p>\n<p>Franziska ist aber auch f\u00fcr die privaten Bed\u00fcrfnisse ideal. Ich hatte mir vor Jahren eine bequeme Hose bei Emporio Armani gekauft. Sie wurde zu einer Art zweiter Haut f\u00fcr mich, weil ich mich darin so wohl f\u00fchlte. Als sie kaputt war, gab es sie nicht mehr zum Nachkaufen, und ich war erstmals entt\u00e4uscht.\t\t\t\t\t\t\t\t\t\t\t\t\t\t\t\t\t\tFranziska war die Rettung.<\/p>\n<p>Sie hat den Schnitt von der alten Hose abgenommen und mir gleich mehrere Modelle in verschiedenen Farben und Stoffen nachgen\u00e4ht. Sie hatte dabei sogar noch den einen oder anderen Verbesserungsvorschlag. Seitdem gibt es f\u00fcr mich keine Hosenprobleme und keine Fehlk\u00e4ufe mehr.&nbsp;<\/td>\n<\/tr>\n<tr>\n<td>&nbsp;<\/p>\n<div style=\"text-align: center\">\n\t\t\t<img loading=\"lazy\" decoding=\"async\" src=\"http:\/\/www.mode-franziska.de\/atelier\/images\/stories\/kundenstimmen\/dscf8044_2.jpg\" alt=\"dscf8044_2\" title=\"dscf8044_2\" width=\"103\" vspace=\"5\" hspace=\"5\" height=\"145\" border=\"0\"><br \/>\n<span style=\"font-size: 11px; line-height: 19px; font-family: Arial,Helvetica,Geneva,sans-serif\" class=\"Apple-style-span\">Foto: Monika Vitzthum<\/span><\/div>\n<\/td>\n<td>\n<div align=\"left\"><\/div>\n<hr>\n<p>Ich habe Frau Sch\u00fctzeneder vor ca.1 Jahr kennen gelernt und habe mir einen superschicken Mantel n\u00e4hen lassen mit passendem Tr\u00e4gerkleid, seitdem bin ich so begeistert von ihrer Arbeit, das ich kaum noch etwas in den Modegesch\u00e4ften finde.<\/p>\n<p>M. Dreyer<\/p>\n<p>&nbsp;<\/td>\n<\/tr>\n<tr>\n<td>\n<div style=\"text-align: center\">\n\t\t\t<img loading=\"lazy\" decoding=\"async\" src=\"http:\/\/www.mode-franziska.de\/atelier\/images\/stories\/festliche_Mode7\/thumbnails\/thumb_fest2.jpg\" alt=\"thumb_fest2\" title=\"thumb_fest2\" width=\"106\" vspace=\"5\" hspace=\"5\" height=\"152\" border=\"0\"><\/div>\n<p><span style=\"font-size: 11px; line-height: 19px; font-family: Arial,Helvetica,Geneva,sans-serif\" class=\"Apple-style-span\">Foto: Monika Vitzthum<\/span><\/p>\n<p>&nbsp;<\/td>\n<td>\n<hr>\n<p>&nbsp;Eigentlich wollte ich mir ja nur f\u00fcr eine Hochzeit ein langes Etuikleid aus Seide schneidern lassen. So begann alles. Aber als ich Franziska kennenlernte und sah, mit welcher Hingabe, Leidenschaft, Tatkraft und \u00dcberzeugung sie ihren Beruf aus\u00fcbt, wurde ich schwach. Bei jeder Anprobe und&nbsp; Besuch kam ein Kleidungsst\u00fcck mehr dazu.Das tolle ist, dass sich alles kombinieren l\u00e4sst!!!! Seidenkleid allein, mit Bluse oder Seidenjacke. Seidenjacke mit passendem Seidenrock als Kost\u00fcm. Seidenjacke mit Sommerkofferkleid. Seidenjacke mit Bundfaltenhose als Hosenanzug. Bluse mit Rock und Seidenjacke. Nun habe ich f\u00fcr alle m\u00f6glichen Anl\u00e4sse und Gelegenheiten was zum Kombinieren.&nbsp; Sicherlich werde ich noch mehr so sch\u00f6ne St\u00fccke schneidern lassen. Danke Franzsika<\/p>\n<p>A. Berger<\/td>\n<\/tr>\n<tr>\n<td>\n\t\t\t&nbsp;<img loading=\"lazy\" decoding=\"async\" src=\"http:\/\/www.mode-franziska.de\/atelier\/images\/stories\/kundenstimmen\/thumbnails\/thumb_skalecki.jpg\" alt=\"thumb_skalecki\" title=\"thumb_skalecki\" width=\"118\" vspace=\"5\" hspace=\"5\" height=\"150\" border=\"0\" align=\"left\"><\/p>\n<p>Foto: privat<\/td>\n<td>\n<hr>\n<p>&nbsp;&#8222;Geht nicht gibt\u00b4s nicht&#8220; ist das Motto von Frau Sch\u00fctzeneder. sie hat ein offenes Ohr f\u00fcr (ausgefallene) Ideen, steuert selbst Einf\u00e4lle bei, arbeitet exakt und schnell und ist auch im Stress immer freundlich.<\/p>\n<p>Ich f\u00fchle mich bei ihr gut aufgehoben und bin hochzufrieden.<\/p>\n<p>Georgette Skalecki, Simbach<\/td>\n<\/tr>\n<tr>\n<td>&nbsp;<\/td>\n<td align=\"left\">&nbsp;<\/td>\n<\/tr>\n<\/tbody>\n<\/table>\n<p style=\"text-align: justify\" class=\"MsoNormal\">\n<span style=\"font-size: 10pt; font-family: Arial\"><a href=\"http:\/\/www.herbertundschnipsi.de\/\" target=\"_blank\" rel=\"noopener\"><br \/>\n<\/a><\/span><\/p>\n","protected":false},"excerpt":{"rendered":"<p>&nbsp;Kundin: Claudia Schlenger von \u201eHerbert &amp; Schnipsi\u201c Foto: Oliver Reiser, Augsburger Allgemeine\/Privat Franziska ist die ideale Kost\u00fcmbildnerin f\u00fcr uns. Sie stellt sich auf die besonderen B\u00fchnengegebenheiten ein, d.h. wegen schneller Kost\u00fcmwechsel zwischendurch m\u00fcssen die Sachen bequem und leicht zu handhaben sein.F\u00fcr die verr\u00fccktesten Kost\u00fcmideen findet Franziska immer eine L\u00f6sung.Au\u00dferdem sind die Kost\u00fcme robust, damit sie [&hellip;]<\/p>\n","protected":false},"author":1,"featured_media":0,"parent":0,"menu_order":15,"comment_status":"closed","ping_status":"closed","template":"","meta":{"_et_pb_use_builder":"","_et_pb_old_content":"","_et_gb_content_width":"793","footnotes":""},"class_list":["post-219","page","type-page","status-publish","hentry"],"_links":{"self":[{"href":"https:\/\/mode-franziska.de\/neu\/wp-json\/wp\/v2\/pages\/219","targetHints":{"allow":["GET"]}}],"collection":[{"href":"https:\/\/mode-franziska.de\/neu\/wp-json\/wp\/v2\/pages"}],"about":[{"href":"https:\/\/mode-franziska.de\/neu\/wp-json\/wp\/v2\/types\/page"}],"author":[{"embeddable":true,"href":"https:\/\/mode-franziska.de\/neu\/wp-json\/wp\/v2\/users\/1"}],"replies":[{"embeddable":true,"href":"https:\/\/mode-franziska.de\/neu\/wp-json\/wp\/v2\/comments?post=219"}],"version-history":[{"count":1,"href":"https:\/\/mode-franziska.de\/neu\/wp-json\/wp\/v2\/pages\/219\/revisions"}],"predecessor-version":[{"id":427,"href":"https:\/\/mode-franziska.de\/neu\/wp-json\/wp\/v2\/pages\/219\/revisions\/427"}],"wp:attachment":[{"href":"https:\/\/mode-franziska.de\/neu\/wp-json\/wp\/v2\/media?parent=219"}],"curies":[{"name":"wp","href":"https:\/\/api.w.org\/{rel}","templated":true}]}}