{"id":259,"date":"2009-08-15T17:33:23","date_gmt":"2009-08-15T15:33:23","guid":{"rendered":"https:\/\/mode-franziska.de\/neu\/trendige-mode-1\/"},"modified":"2021-09-16T14:27:05","modified_gmt":"2021-09-16T12:27:05","slug":"trendige-mode-1","status":"publish","type":"page","link":"https:\/\/mode-franziska.de\/neu\/trendige-mode-1\/","title":{"rendered":"trendige Mode 1"},"content":{"rendered":"<div align=\"left\">\n<div align=\"right\">\n<img loading=\"lazy\" decoding=\"async\" title=\"schere\" src=\"http:\/\/www.mode-franziska.de\/atelier\/images\/stories\/Grafiken\/schere.gif\" alt=\"schere\" width=\"56\" height=\"44\" align=\"middle\" border=\"5\" hspace=\"5\" vspace=\"5\" \/><a title=\"weitere Modelle\" href=\"https:\/\/mode-franziska.de\/neu\/trendige-mode\/\"><strong>weitere Modelle<\/strong><\/a><\/div>\n<div align=\"left\">Mit extravagantem coolem Outfit haben sie Spa\u00df und der Hingucker ist Ihnen gewiss.<\/div>\n<\/div>\n<div align=\"left\"><\/div>\n<div align=\"left\"><strong>Jugendlicher Trenchcoat &#8211; Gamaschenlady<\/strong><br \/>\n<strong><br \/>\n<\/strong><\/div>\n<table border=\"0\" width=\"348\" cellspacing=\"5\" cellpadding=\"5\" align=\"center\">\n<tbody>\n<tr>\n<td>\n<div align=\"center\"><a class=\"jcebox\" title=\"Jugendlicher Trenchcoat - Gamaschenlady\" href=\"http:\/\/www.mode-franziska.de\/atelier\/images\/stories\/trendige_mode\/gamasch.jpg\" rel=\"trendige_mode\"><img decoding=\"async\" src=\"http:\/\/www.mode-franziska.de\/atelier\/images\/stories\/trendige_mode\/thumbnails\/thumb_gamasch.jpg\" alt=\"\" border=\"0\" \/><\/a><\/div>\n<\/td>\n<td><a class=\"jcebox\" title=\"Jugendlicher Trenchcoat - Gamaschenlady\" href=\"http:\/\/www.mode-franziska.de\/atelier\/images\/stories\/trendige_mode\/gamasch-2.jpg\" rel=\"trendige_mode\"><img decoding=\"async\" src=\"http:\/\/www.mode-franziska.de\/atelier\/images\/stories\/trendige_mode\/thumbnails\/thumb_gamasch-2.jpg\" alt=\"\" border=\"0\" \/><\/a><\/td>\n<td><a class=\"jcebox\" title=\"Jugendlicher Trenchcoat - Gamaschenlady\" href=\"http:\/\/www.mode-franziska.de\/atelier\/images\/stories\/trendige_mode\/gamasch-3.jpg\" rel=\"trendige_mode\"><img decoding=\"async\" src=\"http:\/\/www.mode-franziska.de\/atelier\/images\/stories\/trendige_mode\/thumbnails\/thumb_gamasch-3.jpg\" alt=\"\" border=\"0\" \/><\/a><\/td>\n<\/tr>\n<\/tbody>\n<\/table>\n<div align=\"left\"><span style=\"font-size: 8pt;\"><br \/>\nFoto: Monika Vitzthum<\/span><\/div>\n<div align=\"left\">Die Kombination besteht aus einem schmal geschnittenen karierten<br \/>\nTrenchcoat mit hohem Kragen und G\u00fcrteldurchzug in den eingesetzten<br \/>\nTeilungsn\u00e4hten des Vorderteiles. Der ansprechende Kragen, sowie die<br \/>\nG\u00fcrtelabseite und die \u00fcberzogenen Kn\u00f6pfe, sind aus dunkelbraunem<br \/>\nBabyfeincord gearbeitet. Als besonders auff\u00e4lliges Accessoire<br \/>\nuntersteichen die farblich abgestimmten, modischen Gamaschen\u00a0 dieses<br \/>\nOutfit. Raffinierte Teilungsn\u00e4hte, \u00fcberzogene Halbkugelkn\u00f6pfe und ein<br \/>\nbr\u00fcnierter Rei\u00dfverschluss werten dieses modische und w\u00e4rmende \u201eBeiwerk\u201c<br \/>\nzu einem interessanten Hingucker auf.<\/p>\n<p><a title=\"Flaggenkleid\" name=\"Flaggenkleid\"><\/a><strong>Flaggenkleid &#8211; Fu\u00dfball EM 2008 <\/strong><br \/>\n<strong><br \/>\n<\/strong><\/p>\n<\/div>\n<div align=\"left\">\n<table border=\"0\" width=\"348\" cellspacing=\"5\" cellpadding=\"5\" align=\"center\">\n<tbody>\n<tr>\n<td>\n<div align=\"center\"><a class=\"jcebox\" title=\"Flaggenkleid - Fu\u00dfball EM 2008\" href=\"http:\/\/www.mode-franziska.de\/atelier\/images\/stories\/Trend4\/dscf2485.jpg\" rel=\"Trend4\"><img decoding=\"async\" src=\"http:\/\/www.mode-franziska.de\/atelier\/images\/stories\/Trend4\/thumbnails\/thumb_dscf2485.jpg\" alt=\"\" border=\"0\" \/><\/a><\/div>\n<\/td>\n<td><a class=\"jcebox\" title=\"Flaggenkleid - Fu\u00dfball EM 2008\" href=\"http:\/\/www.mode-franziska.de\/atelier\/images\/stories\/Trend4\/dscf2483.jpg\" rel=\"Trend4\"><img decoding=\"async\" src=\"http:\/\/www.mode-franziska.de\/atelier\/images\/stories\/Trend4\/thumbnails\/thumb_dscf2483.jpg\" alt=\"\" border=\"0\" \/><\/a><\/td>\n<td><a class=\"jcebox\" title=\"Flaggenkleid - Fu\u00dfball EM 2008\" href=\"http:\/\/www.mode-franziska.de\/atelier\/images\/stories\/Trend4\/dscf2497.jpg\" rel=\"Trend4\"><img decoding=\"async\" src=\"http:\/\/www.mode-franziska.de\/atelier\/images\/stories\/Trend4\/thumbnails\/thumb_dscf2497.jpg\" alt=\"\" border=\"0\" \/><\/a><\/td>\n<\/tr>\n<\/tbody>\n<\/table>\n<div align=\"left\"><span style=\"font-size: 8pt;\"><br \/>\nFoto: Monika Vitzthum<\/span><\/div>\n<div align=\"left\">Statt Modellbeschreibung die Entstehung der Idee f\u00fcr ein Kleid:<\/div>\n<div align=\"left\">\n<p><strong>Halbfinale<\/strong><br \/>\n<strong>Anlass:<\/strong> 90.Minute Deutschland \u2013 T\u00fcrkei<br \/>\n<strong>Idee:<\/strong> Flaggenkleid<\/p>\n<p>Umsetzung: Mittwoch, 23. Juni 2008<\/p>\n<p>Spielende: ca. 23:00 Uhr<br \/>\nSpielstand: 3:2<\/p>\n<p>Philipp Lahm machte mir mit dem Siegestreffer eine solche Freude, dass ich SOFORT ein Flaggenkleid kreieren wollte.<br \/>\nSchnitterstellung, Zuschnitt und Arbeit bis zur ersten Anprobe ca. 2:15<br \/>\nUhr<\/p>\n<\/div>\n<div align=\"left\">Material:\u00a0 reine Seide in den Farben Schwarz\u00a0 Rot Gold.<\/div>\n<div align=\"left\">Au\u00dfer den Nationalfarben ist das Besondere an diesem Kleid, dass alle Teile schr\u00e4g geschnitten sind.<\/div>\n<div align=\"left\"><\/div>\n<div align=\"left\"><\/div>\n<p><strong>Dirty Dancing \u2013 weiblich und beschwingt <\/strong><br \/>\n<strong><br \/>\n<\/strong><\/p>\n<table border=\"0\" width=\"348\" cellspacing=\"5\" cellpadding=\"5\" align=\"center\">\n<tbody>\n<tr>\n<td>\n<div align=\"center\"><a class=\"jcebox\" title=\"Dirty Dancing \u2013 weiblich und beschwingt \" href=\"http:\/\/www.mode-franziska.de\/atelier\/images\/stories\/Trend6\/dscf0378.jpg\" rel=\"Trend6\"><img decoding=\"async\" src=\"http:\/\/www.mode-franziska.de\/atelier\/images\/stories\/Trend6\/thumbnails\/thumb_dscf0378.jpg\" alt=\"\" border=\"0\" \/><\/a><\/div>\n<\/td>\n<td><a class=\"jcebox\" title=\"Dirty Dancing \u2013 weiblich und beschwingt \" href=\"http:\/\/www.mode-franziska.de\/atelier\/images\/stories\/Trend6\/dscf0382.jpg\" rel=\"Trend6\"><img decoding=\"async\" src=\"http:\/\/www.mode-franziska.de\/atelier\/images\/stories\/Trend6\/thumbnails\/thumb_dscf0382.jpg\" alt=\"\" border=\"0\" \/><\/a><\/td>\n<td><a class=\"jcebox\" title=\"Dirty Dancing \u2013 weiblich und beschwingt\" href=\"http:\/\/www.mode-franziska.de\/atelier\/images\/stories\/Trend6\/dscf0384.jpg\" rel=\"Trend6\"><img decoding=\"async\" src=\"http:\/\/www.mode-franziska.de\/atelier\/images\/stories\/Trend6\/thumbnails\/thumb_dscf0384.jpg\" alt=\"\" border=\"0\" \/><\/a><\/td>\n<\/tr>\n<\/tbody>\n<\/table>\n<div align=\"left\"><span style=\"font-size: 8pt;\"><br \/>\nFoto: Monika Vitzthum<\/span><\/div>\n<p>Ein knieumspielender Vollkreisrock aus interessant gemustertem,<br \/>\nschwarz-wei\u00dfem Baumwollsatin mit unterlegtem schwarzen Petticoat sorgt<br \/>\nf\u00fcr den richtigen Schwung bei diesem flotten Kleid.<br \/>\nAls \u00dcbergang zu dem r\u00fcckenfreien Oberteil ist ein hoher, streckender Bund am Rock angesetzt.<br \/>\nDas Neckholderoberteil\u00a0 unterstreicht die weibliche Raffinesse des<br \/>\nKleides. Der ansprechende Herzausschnitt ergibt sich durch die gekonnte<br \/>\nFaltenlegung des Bindeteils.<\/p>\n<\/div>\n<div align=\"left\"><\/div>\n<div align=\"left\"><strong>Freches, rotes Kleid \u2013 Ein Sommernachtstraum<\/strong><\/div>\n<div align=\"left\">\n<table border=\"0\" width=\"348\" cellspacing=\"5\" cellpadding=\"5\" align=\"center\">\n<tbody>\n<tr>\n<td>\n<div align=\"center\"><a class=\"jcebox\" title=\"Freches, rotes Kleid \u2013 Ein Sommernachtstraum\" href=\"http:\/\/www.mode-franziska.de\/atelier\/images\/stories\/Trend2\/trend2.jpg\" rel=\"Trend2\"><img decoding=\"async\" src=\"http:\/\/www.mode-franziska.de\/atelier\/images\/stories\/Trend2\/thumbnails\/thumb_trend2.jpg\" alt=\"\" border=\"0\" \/><\/a><\/div>\n<\/td>\n<td><a class=\"jcebox\" title=\"Freches, rotes Kleid \u2013 Ein Sommernachtstraum\" href=\"http:\/\/www.mode-franziska.de\/atelier\/images\/stories\/Trend2\/trend2-2.jpg\" rel=\"Trend2\"><img decoding=\"async\" src=\"http:\/\/www.mode-franziska.de\/atelier\/images\/stories\/Trend2\/thumbnails\/thumb_trend2-2.jpg\" alt=\"\" border=\"0\" \/><\/a><\/td>\n<td><a class=\"jcebox\" title=\"Freches, rotes Kleid \u2013 Ein Sommernachtstraum\" href=\"http:\/\/www.mode-franziska.de\/atelier\/images\/stories\/Trend2\/trend2-3.jpg\" rel=\"Trend2\"><img decoding=\"async\" src=\"http:\/\/www.mode-franziska.de\/atelier\/images\/stories\/Trend2\/thumbnails\/thumb_trend2-3.jpg\" alt=\"\" border=\"0\" \/><\/a><\/td>\n<\/tr>\n<\/tbody>\n<\/table>\n<div align=\"left\"><span style=\"font-size: 8pt;\"><br \/>\nFoto: Monika Vitzthum<\/span><\/div>\n<\/div>\n<div align=\"left\">Ein flottes Neckholderkleid aus rotem, weichflie\u00dfendem Satin mit<br \/>\nansprechendem Rosenmuster ist der ideale Begleiter auf\u00a0 Festen oder bei<br \/>\neiner Sommernachtssoiree. Die Teilungsn\u00e4hte erm\u00f6glichen einen<br \/>\nfigurbetonenden Schnittverlauf und sind zum asymmetrischen Saum hin<br \/>\nleicht ausgestellt. Den tief angesetzten Ausschnitt in der vorderen<br \/>\nMitte ziert eine verspielte Reihung.<\/div>\n<div align=\"left\"><\/div>\n<div align=\"left\"><strong>Variables Ensemble &#8211; ausgefallen, elegant, zeitlos\u00a0<\/strong><\/div>\n<table border=\"0\" width=\"348\" cellspacing=\"5\" cellpadding=\"5\" align=\"center\">\n<tbody>\n<tr>\n<td>\n<div align=\"center\"><a class=\"jcebox\" title=\"Variables Ensemble - ausgefallen, elegant, zeitlos \" href=\"http:\/\/www.mode-franziska.de\/atelier\/images\/stories\/Trend3\/trend3.jpg\" rel=\"Trend3\"><img decoding=\"async\" src=\"http:\/\/www.mode-franziska.de\/atelier\/images\/stories\/Trend3\/thumbnails\/thumb_trend3.jpg\" alt=\"\" border=\"0\" \/><\/a><\/div>\n<\/td>\n<td><a class=\"jcebox\" title=\"Variables Ensemble - ausgefallen, elegant, zeitlos \" href=\"http:\/\/www.mode-franziska.de\/atelier\/images\/stories\/Trend3\/trend3-2.jpg\" rel=\"Trend3\"><img decoding=\"async\" src=\"http:\/\/www.mode-franziska.de\/atelier\/images\/stories\/Trend3\/thumbnails\/thumb_trend3-2.jpg\" alt=\"\" border=\"0\" \/><\/a><\/td>\n<td><a class=\"jcebox\" title=\"Variables Ensemble - ausgefallen, elegant, zeitlos \" href=\"http:\/\/www.mode-franziska.de\/atelier\/images\/stories\/Trend3\/trend3-3.jpg\" rel=\"Trend3\"><img decoding=\"async\" src=\"http:\/\/www.mode-franziska.de\/atelier\/images\/stories\/Trend3\/thumbnails\/thumb_trend3-3.jpg\" alt=\"\" border=\"0\" \/><\/a><\/td>\n<\/tr>\n<\/tbody>\n<\/table>\n<div align=\"left\"><span style=\"font-size: 8pt;\"><br \/>\nFoto: Monika Vitzthum<\/span><\/div>\n<p>Das vierteilige Ensemble aus hochwertiger Schurwolle besteht aus<br \/>\neiner schmal geschnittenen antrazithfarbenen Hose, einem leicht<br \/>\nausgestellten Rock mit zwei Falten im Vorderteil, einem interessanten<br \/>\nSpencer und einer trendigen, \u00e4rmellosen Bluse. Die antrazithfarbene<br \/>\nJacke mit zur\u00fcckgestelltem Stehkragen besticht durch die interessante,<br \/>\nrunde Ausschnittl\u00f6sung. Der R\u00fcschenabschluss einer Streubl\u00fcmchenbluse<br \/>\naus roter Viskose passt sich dem Dekollete der Jacke genau an. Mit dem<br \/>\nleicht ausgestellten Rock aus rotem Feinloden l\u00e4sst sich der tailliert<br \/>\nSpencer zu einem adretten\u00a0 Ensemble kombinieren.<\/p>\n","protected":false},"excerpt":{"rendered":"<p>weitere Modelle Mit extravagantem coolem Outfit haben sie Spa\u00df und der Hingucker ist Ihnen gewiss. Jugendlicher Trenchcoat &#8211; Gamaschenlady Foto: Monika Vitzthum Die Kombination besteht aus einem schmal geschnittenen karierten Trenchcoat mit hohem Kragen und G\u00fcrteldurchzug in den eingesetzten Teilungsn\u00e4hten des Vorderteiles. Der ansprechende Kragen, sowie die G\u00fcrtelabseite und die \u00fcberzogenen Kn\u00f6pfe, sind aus dunkelbraunem [&hellip;]<\/p>\n","protected":false},"author":1,"featured_media":0,"parent":0,"menu_order":13,"comment_status":"closed","ping_status":"closed","template":"","meta":{"_et_pb_use_builder":"","_et_pb_old_content":"","_et_gb_content_width":"793","footnotes":""},"class_list":["post-259","page","type-page","status-publish","hentry"],"_links":{"self":[{"href":"https:\/\/mode-franziska.de\/neu\/wp-json\/wp\/v2\/pages\/259","targetHints":{"allow":["GET"]}}],"collection":[{"href":"https:\/\/mode-franziska.de\/neu\/wp-json\/wp\/v2\/pages"}],"about":[{"href":"https:\/\/mode-franziska.de\/neu\/wp-json\/wp\/v2\/types\/page"}],"author":[{"embeddable":true,"href":"https:\/\/mode-franziska.de\/neu\/wp-json\/wp\/v2\/users\/1"}],"replies":[{"embeddable":true,"href":"https:\/\/mode-franziska.de\/neu\/wp-json\/wp\/v2\/comments?post=259"}],"version-history":[{"count":2,"href":"https:\/\/mode-franziska.de\/neu\/wp-json\/wp\/v2\/pages\/259\/revisions"}],"predecessor-version":[{"id":842,"href":"https:\/\/mode-franziska.de\/neu\/wp-json\/wp\/v2\/pages\/259\/revisions\/842"}],"wp:attachment":[{"href":"https:\/\/mode-franziska.de\/neu\/wp-json\/wp\/v2\/media?parent=259"}],"curies":[{"name":"wp","href":"https:\/\/api.w.org\/{rel}","templated":true}]}}