{"id":277,"date":"2010-11-03T12:37:59","date_gmt":"2010-11-03T11:37:59","guid":{"rendered":"https:\/\/mode-franziska.de\/neu\/festliche-mode-2\/"},"modified":"2021-09-09T14:34:04","modified_gmt":"2021-09-09T12:34:04","slug":"festliche-mode-2","status":"publish","type":"page","link":"https:\/\/mode-franziska.de\/neu\/festliche-mode-2\/","title":{"rendered":"Festliche Mode 2"},"content":{"rendered":"<div align=\"right\"> <img loading=\"lazy\" decoding=\"async\" class=\" size-full wp-image-6\" src=\"https:\/\/mode-franziska.de\/neu\/wp-content\/uploads\/2008\/03\/schere.gif\" alt=\"schere\" title=\"schere\" width=\"56\" vspace=\"5\" hspace=\"5\" height=\"44\" border=\"5\" align=\"middle\"><a href=\"https:\/\/mode-franziska.de\/neu\/festliche-mode-3\/\" title=\"weitere Modelle\"><strong>weitere Modelle<\/strong><\/a><\/div>\n<div align=\"left\"> &nbsp;Ob Familienfeier, Theaterbesuch, Schul- und Tanzkursabschluss oder sonstige Festlichkeiten &#8211; mit ma\u00dfgeschneiderten Modellen zeigen Sie Ihren individuellen Stil. <a href=\"#Damen\">Damen<\/a> &#8211; <a href=\"#Kinder\">Kinder<\/a> <a name=\"Damen\" title=\"Damen\"><\/a><br \/>\n<strong>Pariser Kleid &#8211; Ein Traum von einem Kleid<\/strong><\/div>\n<table width=\"348\" height=\"327\" cellspacing=\"5\" cellpadding=\"5\" border=\"0\" align=\"center\">\n<tbody>\n<tr>\n<td><a rel=\"Abendkleider\" href=\"https:\/\/mode-franziska.de\/neu\/wp-content\/uploads\/2009\/08\/franzi-1.jpg\" title=\"Pariser Kleid - Ein Traum von einem Kleid\" class=\"jcebox\"><img loading=\"lazy\" decoding=\"async\" class=\" size-full wp-image-221\" src=\"https:\/\/mode-franziska.de\/neu\/wp-content\/uploads\/2009\/08\/thumb_franzi-1.jpg\" alt=\"\" width=\"100\" height=\"150\" border=\"0\"><\/a><\/td>\n<td><a rel=\"Abendkleider\" href=\"https:\/\/mode-franziska.de\/neu\/wp-content\/uploads\/2009\/08\/franzi-2.jpg\" title=\"Pariser Kleid - Ein Traum von einem Kleid\" class=\"jcebox\"><img loading=\"lazy\" decoding=\"async\" class=\" size-full wp-image-223\" src=\"https:\/\/mode-franziska.de\/neu\/wp-content\/uploads\/2009\/08\/thumb_franzi-2.jpg\" alt=\"\" width=\"100\" height=\"150\" border=\"0\"><\/a><\/td>\n<td><a rel=\"Abendkleider\" href=\"https:\/\/mode-franziska.de\/neu\/wp-content\/uploads\/2009\/08\/franzi-3.jpg\" title=\"Pariser Kleid - Ein Traum von einem Kleid\" class=\"jcebox\"><img loading=\"lazy\" decoding=\"async\" class=\" size-full wp-image-225\" src=\"https:\/\/mode-franziska.de\/neu\/wp-content\/uploads\/2009\/08\/thumb_franzi-3.jpg\" alt=\"\" width=\"100\" height=\"150\" border=\"0\"><\/a><\/td>\n<\/tr>\n<tr>\n<td><a rel=\"Abendkleider\" href=\"https:\/\/mode-franziska.de\/neu\/wp-content\/uploads\/2009\/08\/franzi-4.jpg\" title=\"Pariser Kleid - Ein Traum von einem Kleid\" class=\"jcebox\"><img loading=\"lazy\" decoding=\"async\" class=\" size-full wp-image-227\" src=\"https:\/\/mode-franziska.de\/neu\/wp-content\/uploads\/2009\/08\/thumb_franzi-4.jpg\" alt=\"\" width=\"100\" height=\"150\" border=\"0\"><\/a><\/td>\n<td><a rel=\"Abendkleider\" href=\"https:\/\/mode-franziska.de\/neu\/wp-content\/uploads\/2009\/08\/franzi-5.jpg\" title=\"Pariser Kleid - Ein Traum von einem Kleid\" class=\"jcebox\"><img loading=\"lazy\" decoding=\"async\" class=\" size-full wp-image-229\" src=\"https:\/\/mode-franziska.de\/neu\/wp-content\/uploads\/2009\/08\/thumb_franzi-5.jpg\" alt=\"\" width=\"100\" height=\"150\" border=\"0\"><\/a><\/td>\n<td><a rel=\"Abendkleider\" href=\"https:\/\/mode-franziska.de\/neu\/wp-content\/uploads\/2009\/08\/franzi-6.jpg\" title=\"Pariser Kleid - Ein Traum von einem Kleid\" class=\"jcebox\"><img loading=\"lazy\" decoding=\"async\" class=\" size-full wp-image-231\" src=\"https:\/\/mode-franziska.de\/neu\/wp-content\/uploads\/2009\/08\/thumb_franzi-6.jpg\" alt=\"\" width=\"100\" height=\"150\" border=\"0\"><\/a><\/td>\n<td>&nbsp;<\/td>\n<td>&nbsp;<\/td>\n<td>&nbsp;<\/td>\n<\/tr>\n<\/tbody>\n<\/table>\n<p align=\"left\"> <span style=\"font-size: 8pt\">Foto: Monika Vitzthum<br \/>\n<\/span>Die Schn\u00fcrcorsage besticht durch ihre raffinierte Schnittf\u00fchrung und noch interessantere Stoffzusammensetzung.<br \/>\nDie Corsage wird im Vorderteil von einem Haken und \u00d6senband verschlossen und hat einen Unterbau aus orthop\u00e4dischem Corsagendrell mit Spiralfedern in den gerade verlaufenden Unterbauteilungsn\u00e4hten.<br \/>\nDie Farben des wundersch\u00f6nen Rosenmusters finden sich in dem schmal geschnittenen , ab Knieh\u00f6he ausgestellten Rock wieder. Die besondere Zartheit,Transparenz und doch nicht Durchsichtigkeit des Rockes ergibt sich durch 3Lagen feinem Georgette.Die vordere Rockl\u00e4nge ist auf Wadenl\u00e4nge festgelegt und verl\u00e4uft schr\u00e4g zur hinteren Mitte auf Bodenl\u00e4nge, dabei sind die mittelrote, dunkelrote und schwarze Rockbahn in sich abgestuft.<br \/>\nEine schwarze Georgette Drapeesch\u00e4rpe legt sich locker um die H\u00fcfte und vereint sich in der hinteren Mitte auf Taillenh\u00f6he mit einem breiten roten Georgetteband zu einem Cul de Paris, was den besonderen Reiz des Modells ausmacht.<\/p>\n<p><strong> Abi-Kleid 2008 &#8211; ein \u201eentz\u00fcckender\u201c R\u00fccken<\/strong><\/p>\n<div align=\"left\">\n<table width=\"348\" height=\"160\" cellspacing=\"5\" cellpadding=\"5\" border=\"0\" align=\"center\">\n<tbody>\n<tr>\n<td>\n<div align=\"center\">\n<a rel=\"festliche_mode5\" href=\"https:\/\/mode-franziska.de\/neu\/wp-content\/uploads\/2009\/08\/dscf0401.jpg\" title=\"Abi\u2013Kleid 2008 - ein \u201eentz\u00fcckender\u201c R\u00fccken\" class=\"jcebox\"><img loading=\"lazy\" decoding=\"async\" class=\" size-full wp-image-239\" src=\"https:\/\/mode-franziska.de\/neu\/wp-content\/uploads\/2009\/08\/thumb_dscf0401.jpg\" alt=\"\" width=\"101\" height=\"150\" border=\"0\"><\/a><\/div>\n<\/td>\n<td>\n<a rel=\"festliche_mode5\" href=\"https:\/\/mode-franziska.de\/neu\/wp-content\/uploads\/2009\/08\/dscf0408.jpg\" title=\"Abi\u2013Kleid 2008 - ein \u201eentz\u00fcckender\u201c R\u00fccken\" class=\"jcebox\"><img loading=\"lazy\" decoding=\"async\" class=\" size-full wp-image-241\" src=\"https:\/\/mode-franziska.de\/neu\/wp-content\/uploads\/2009\/08\/thumb_dscf0408.jpg\" alt=\"\" width=\"101\" height=\"150\" border=\"0\"><\/a><\/td>\n<td>\n<a rel=\"festliche_mode5\" href=\"https:\/\/mode-franziska.de\/neu\/wp-content\/uploads\/2009\/08\/dscf0410.jpg\" title=\"Abi\u2013Kleid 2008 - ein \u201eentz\u00fcckender\u201c R\u00fccken\" class=\"jcebox\"><img loading=\"lazy\" decoding=\"async\" class=\" size-full wp-image-243\" src=\"https:\/\/mode-franziska.de\/neu\/wp-content\/uploads\/2009\/08\/thumb_dscf0410.jpg\" alt=\"\" width=\"101\" height=\"150\" border=\"0\"><\/a><\/td>\n<\/tr>\n<\/tbody>\n<\/table>\n<div align=\"left\"> <span style=\"font-size: 8pt\">Foto: Monika Vitzthum<\/span><\/div>\n<div align=\"left\"> Die Abiturientin tr\u00e4gt ein kniekurzes Kleid aus kr\u00e4ftig himbeerfarbigem Crepe Satin mit verspielt ausgestellter Saumweite und interessantem Nahtverlauf der Teilungsn\u00e4hte.<br \/>\nUnterstrichen wird die schlichte Eleganz des Kleides von einem schr\u00e4ggeschnittenen Kragen, der im Vorderteil halsnah angesetzt ist, locker in den tiefen R\u00fcckenausschnitt verl\u00e4uft und in der hinteren Mitte auf&nbsp; Taillenh\u00f6he mit einem neckischen Knopfverschluss gehalten wird.<br \/>\nZur Betonung der Taille ist an den vorderen Teilungsn\u00e4hten ein ebenfalls schr\u00e4ggeschnittener schmaler G\u00fcrtel angesetzt, der das Vorderteil streckend wirken l\u00e4sst.<\/div>\n<div align=\"left\"> &nbsp;<\/div>\n<div align=\"left\">\n<div align=\"left\"> <strong>Sommerlicher Hosenanzug \u2013 flott und elegant <\/strong><\/div>\n<table width=\"348\" height=\"160\" cellspacing=\"5\" cellpadding=\"5\" border=\"0\" align=\"center\">\n<tbody>\n<tr>\n<td>\n<div align=\"center\">\n<a rel=\"festliche_Mode\" href=\"https:\/\/mode-franziska.de\/neu\/wp-content\/uploads\/2009\/08\/f_hosena.jpg\" title=\"Sommerlicher Hosenanzug - flott und elegant\" class=\"jcebox\"><img loading=\"lazy\" decoding=\"async\" class=\" size-full wp-image-245\" src=\"https:\/\/mode-franziska.de\/neu\/wp-content\/uploads\/2009\/08\/thumb_f_hosena.jpg\" alt=\"\" width=\"101\" height=\"150\" border=\"0\"><\/a><\/div>\n<\/td>\n<td>\n<a rel=\"festliche_Mode\" href=\"https:\/\/mode-franziska.de\/neu\/wp-content\/uploads\/2009\/08\/f_hosena-4.jpg\" title=\"Sommerlicher Hosenanzug - flott und elegant\" class=\"jcebox\"><img loading=\"lazy\" decoding=\"async\" class=\" size-full wp-image-247\" src=\"https:\/\/mode-franziska.de\/neu\/wp-content\/uploads\/2009\/08\/thumb_f_hosena-4.jpg\" alt=\"\" width=\"101\" height=\"150\" border=\"0\"><\/a><\/td>\n<td>\n<a rel=\"festliche_Mode\" href=\"https:\/\/mode-franziska.de\/neu\/wp-content\/uploads\/2009\/08\/f_hosena-5.jpg\" title=\"Sommerlicher Hosenanzug - flott und elegant\" class=\"jcebox\"><img loading=\"lazy\" decoding=\"async\" class=\" size-full wp-image-249\" src=\"https:\/\/mode-franziska.de\/neu\/wp-content\/uploads\/2009\/08\/thumb_f_hosena-5.jpg\" alt=\"\" width=\"101\" height=\"150\" border=\"0\"><\/a><\/td>\n<\/tr>\n<\/tbody>\n<\/table>\n<div align=\"left\"> <span style=\"font-size: 8pt\">Foto: Monika Vitzthum<\/span><\/div>\n<div align=\"left\"> Die Tante des Br\u00e4utigams tr\u00e4gt zum Festtag einen sommerlichen Hosenanzug, bestehend aus einer weich flie\u00dfenden, gerade geschnittenen hellblauen Hose und einer gl\u00e4nzenden, dunkelblauen Cardiganjacke mit material- und farbgleicher Blusenjacke.&nbsp;<br \/>\nDie Schnittf\u00fchrung der zwei Oberteile aus gro\u00dffl\u00e4chig besticktem Stoff ist absichtlich schlicht gehalten, da bei diesem Modell das Material dominiert.<\/div>\n<p>&nbsp;<\/p>\n<\/div>\n<\/div>\n<div align=\"left\"> <strong>Kleid mit Mieder und transparenter Sch\u00fcrze &#8211; eine Kombination aus Tracht und Eleganz<\/strong><\/div>\n<div align=\"left\">\n<table width=\"348\" height=\"160\" cellspacing=\"5\" cellpadding=\"5\" border=\"0\" align=\"center\">\n<tbody>\n<tr>\n<td>\n<div align=\"center\">\n<a rel=\"festliche_Mode2\" href=\"https:\/\/mode-franziska.de\/neu\/wp-content\/uploads\/2009\/08\/f_transparent-2.jpg\" title=\"Kleid mit Mieder und transparenter Sch\u00fcrze - eine Kombination aus Tracht und Eleganz\" class=\"jcebox\"><img loading=\"lazy\" decoding=\"async\" class=\" size-full wp-image-251\" src=\"https:\/\/mode-franziska.de\/neu\/wp-content\/uploads\/2009\/08\/thumb_f_transparent-2.jpg\" alt=\"\" width=\"101\" height=\"150\" border=\"0\"><\/a><\/div>\n<\/td>\n<td>\n<a rel=\"festliche_Mode2\" href=\"https:\/\/mode-franziska.de\/neu\/wp-content\/uploads\/2009\/08\/f_transparent.jpg\" title=\"Kleid mit Mieder und transparenter Sch\u00fcrze - eine Kombination aus Tracht und Eleganz\" class=\"jcebox\"><img loading=\"lazy\" decoding=\"async\" class=\" size-full wp-image-253\" src=\"https:\/\/mode-franziska.de\/neu\/wp-content\/uploads\/2009\/08\/thumb_f_transparent.jpg\" alt=\"\" width=\"101\" height=\"150\" border=\"0\"><\/a><\/td>\n<td>\n<a rel=\"festliche_Mode2\" href=\"https:\/\/mode-franziska.de\/neu\/wp-content\/uploads\/2009\/08\/f_transparent-3.jpg\" title=\"Kleid mit Mieder und transparenter Sch\u00fcrze - eine Kombination aus Tracht und Eleganz\" class=\"jcebox\"><img loading=\"lazy\" decoding=\"async\" class=\" size-full wp-image-255\" src=\"https:\/\/mode-franziska.de\/neu\/wp-content\/uploads\/2009\/08\/thumb_f_transparent-3.jpg\" alt=\"\" width=\"101\" height=\"150\" border=\"0\"><\/a><\/td>\n<td>&nbsp;<\/td>\n<td>&nbsp;<\/td>\n<td>&nbsp;<\/td>\n<\/tr>\n<\/tbody>\n<\/table>\n<\/div>\n<div align=\"left\"> <span style=\"font-size: 8pt\">Foto: Monika Vitzthum<\/span><br \/>\nDas Mieder mit Bogenkante unter der Taille und Hakenverschluss in der vorderen Mitte ist an den&nbsp; Ausschnitten mit einer Paspolschnur aus dem taubenblau-braunem Paisley\u2013Grundstoff vers\u00e4ubert. Auf Grund der raffinierten Schnittf\u00fchrung und Falteneinteilung sieht man dem weich flie\u00dfenden braunen Rock die enorme Rockweite von 2,80 Metern nicht an. Der besondere Hingucker ist die transparente Organzasch\u00fcrze mit schm\u00fcckendem Stickereiabschluss an den Seitenkanten und dem Saum. Die Stickerei findet sich wieder in der zarten Bluse als R\u00fcscheneinsatz im mittleren Vorderteil. Den Rest des Blusenausschnittes ziert eine schmale Stoffr\u00fcsche. Der kurze Puff\u00e4rmel hat einen angenehmen Gummizug und ebenfalls eine schmale Abschlussr\u00fcsche.<\/div>\n<div align=\"left\"> &nbsp;<\/div>\n<div align=\"left\"> <strong>Kommunionkleid &#8211; M\u00e4dchentraum<\/strong><a name=\"Kinder\" title=\"Kinder\"><\/a><\/div>\n<table width=\"137\" height=\"164\" cellspacing=\"5\" cellpadding=\"5\" border=\"0\" align=\"center\">\n<tbody>\n<tr>\n<td>\n<div align=\"center\">\n<div align=\"left\">\n<a rel=\"festliche_Mode3\" href=\"https:\/\/mode-franziska.de\/neu\/wp-content\/uploads\/2010\/11\/kommunion.jpg\" title=\"Kommunion\" class=\"jcebox\"><img loading=\"lazy\" decoding=\"async\" class=\" alignleft size-full wp-image-256\" src=\"https:\/\/mode-franziska.de\/neu\/wp-content\/uploads\/2009\/08\/thumb_kommunion.jpg\" alt=\"kommunion\" title=\"kommunion\" width=\"100\" vspace=\"5\" hspace=\"5\" height=\"150\" border=\"0\" align=\"left\"><\/a><\/div>\n<\/div>\n<\/td>\n<td>&nbsp;<\/td>\n<td>&nbsp;<\/td>\n<td>&nbsp;<\/td>\n<td>&nbsp;<\/td>\n<\/tr>\n<\/tbody>\n<\/table>\n<div align=\"left\"> <span style=\"font-size: 8pt\">Foto: Privat<\/span><\/div>\n<div align=\"left\"> Ein liebevoll verarbeiteter bestickter Baumwollbatist verleiht dem Kommunionkleid seine zeitlose Sch\u00f6nheit. Der in der Taille gereihte Rock ist mit 3,20 Meter Weite wundersch\u00f6n schwingend, im wahrsten Sinne des Wortes ein \u201eM\u00e4dchentraum\u201c. Im Vorderteil ist eine aufwendig verarbeitete, gestickte Doppelstegborte als Spitzpasse eingesetzt. Den R\u00fccken zieren Stoffkugelkn\u00f6pfe und eine lange Satinschleife des Bindeg\u00fcrtels.&nbsp;<\/div>\n<div align=\"left\"> &nbsp;<\/div>\n<div align=\"left\"> <strong>Taufkleid &#8211; das erste Festkleid<\/strong><\/div>\n<table width=\"137\" height=\"164\" cellspacing=\"5\" cellpadding=\"5\" border=\"0\" align=\"center\">\n<tbody>\n<tr>\n<td>\n<div align=\"center\">\n<div align=\"left\">\n<a rel=\"festliche_Mode4\" href=\"https:\/\/mode-franziska.de\/neu\/wp-content\/uploads\/2010\/11\/taufe.jpg\" title=\"Taufe\" class=\"jcebox\"><img loading=\"lazy\" decoding=\"async\" class=\" alignleft size-full wp-image-257\" src=\"https:\/\/mode-franziska.de\/neu\/wp-content\/uploads\/2009\/08\/thumb_taufe.jpg\" alt=\"taufe\" title=\"taufe\" width=\"100\" vspace=\"5\" hspace=\"5\" height=\"150\" border=\"0\" align=\"left\"><\/a><\/div>\n<\/div>\n<\/td>\n<\/tr>\n<\/tbody>\n<\/table>\n<div align=\"left\"> <span style=\"font-size: 8pt\">Foto: Privat<\/span><\/div>\n<div align=\"left\"> Das individuell gefertigte Modell in Festkleidl\u00e4nge aus Shantungseide besitzt einen wundersch\u00f6nen Kragen, der dem zarten Kleinkindgesicht schmeichelt.<\/div>\n","protected":false},"excerpt":{"rendered":"<p>weitere Modelle &nbsp;Ob Familienfeier, Theaterbesuch, Schul- und Tanzkursabschluss oder sonstige Festlichkeiten &#8211; mit ma\u00dfgeschneiderten Modellen zeigen Sie Ihren individuellen Stil. Damen &#8211; Kinder Pariser Kleid &#8211; Ein Traum von einem Kleid &nbsp; &nbsp; &nbsp; Foto: Monika Vitzthum Die Schn\u00fcrcorsage besticht durch ihre raffinierte Schnittf\u00fchrung und noch interessantere Stoffzusammensetzung. Die Corsage wird im Vorderteil von einem [&hellip;]<\/p>\n","protected":false},"author":1,"featured_media":6,"parent":0,"menu_order":7,"comment_status":"closed","ping_status":"closed","template":"","meta":{"_et_pb_use_builder":"","_et_pb_old_content":"","_et_gb_content_width":"793","footnotes":""},"class_list":["post-277","page","type-page","status-publish","has-post-thumbnail","hentry"],"_links":{"self":[{"href":"https:\/\/mode-franziska.de\/neu\/wp-json\/wp\/v2\/pages\/277","targetHints":{"allow":["GET"]}}],"collection":[{"href":"https:\/\/mode-franziska.de\/neu\/wp-json\/wp\/v2\/pages"}],"about":[{"href":"https:\/\/mode-franziska.de\/neu\/wp-json\/wp\/v2\/types\/page"}],"author":[{"embeddable":true,"href":"https:\/\/mode-franziska.de\/neu\/wp-json\/wp\/v2\/users\/1"}],"replies":[{"embeddable":true,"href":"https:\/\/mode-franziska.de\/neu\/wp-json\/wp\/v2\/comments?post=277"}],"version-history":[{"count":2,"href":"https:\/\/mode-franziska.de\/neu\/wp-json\/wp\/v2\/pages\/277\/revisions"}],"predecessor-version":[{"id":420,"href":"https:\/\/mode-franziska.de\/neu\/wp-json\/wp\/v2\/pages\/277\/revisions\/420"}],"wp:featuredmedia":[{"embeddable":true,"href":"https:\/\/mode-franziska.de\/neu\/wp-json\/wp\/v2\/media\/6"}],"wp:attachment":[{"href":"https:\/\/mode-franziska.de\/neu\/wp-json\/wp\/v2\/media?parent=277"}],"curies":[{"name":"wp","href":"https:\/\/api.w.org\/{rel}","templated":true}]}}