{"id":313,"date":"2015-01-27T10:42:01","date_gmt":"2015-01-27T09:42:01","guid":{"rendered":"https:\/\/mode-franziska.de\/neu\/hochzeitsmoden-1\/"},"modified":"2021-09-17T15:19:02","modified_gmt":"2021-09-17T13:19:02","slug":"hochzeitsmoden-1","status":"publish","type":"page","link":"https:\/\/mode-franziska.de\/neu\/hochzeitsmoden-1\/","title":{"rendered":"Hochzeitsmoden 1"},"content":{"rendered":"<div align=\"right\"><img loading=\"lazy\" decoding=\"async\" title=\"schere\" src=\"http:\/\/www.mode-franziska.de\/atelier\/images\/stories\/Grafiken\/schere.gif\" alt=\"schere\" width=\"56\" height=\"44\" align=\"middle\" border=\"5\" hspace=\"5\" vspace=\"5\" \/><a href=\"https:\/\/mode-franziska.de\/neu\/hochzeitsmode-2\/\"><strong>weitere Modelle<\/strong><\/a><\/div>\n<div align=\"left\">Mit einem einzigartigen wundersch\u00f6nen Traumkleid f\u00fcr die Braut und einem eleganten Hochzeitsanzug f\u00fcr den Br\u00e4utigam feiern und genie\u00dfen Sie Ihren unvergesslichen Hochzeitstag.<\/div>\n<div align=\"left\"><a href=\"#Damen\">Damen <\/a>&#8211;<a href=\"#Kinder\">Kinder<\/a><\/div>\n<div align=\"left\"><strong>Principessa<\/strong><\/p>\n<table border=\"0\" width=\"348\" cellspacing=\"5\" cellpadding=\"5\" align=\"center\">\n<tbody>\n<tr>\n<td><a class=\"jcebox\" title=\"Principessa\" href=\"http:\/\/www.mode-franziska.de\/atelier\/images\/stories\/hochzeit6\/hochzeit_01.jpg\" rel=\"hochzeit6\"><img loading=\"lazy\" decoding=\"async\" src=\"http:\/\/www.mode-franziska.de\/atelier\/images\/stories\/hochzeit6\/thumbnails\/thumb_hochzeit_01.jpg\" alt=\"\" width=\"101\" height=\"150\" border=\"0\" \/><\/a><\/td>\n<td><a class=\"jcebox\" title=\"Principessa\" href=\"http:\/\/www.mode-franziska.de\/atelier\/images\/stories\/hochzeit6\/hochzeit_02.jpg\" rel=\"hochzeit6\"><img loading=\"lazy\" decoding=\"async\" src=\"http:\/\/www.mode-franziska.de\/atelier\/images\/stories\/hochzeit6\/thumbnails\/thumb_hochzeit_02.jpg\" alt=\"\" width=\"101\" height=\"150\" border=\"0\" \/><\/a><\/td>\n<td><a class=\"jcebox\" title=\"Principessa\" href=\"http:\/\/www.mode-franziska.de\/atelier\/images\/stories\/hochzeit6\/hochzeit_03.jpg\" rel=\"hochzeit6\"><img decoding=\"async\" src=\"http:\/\/www.mode-franziska.de\/atelier\/images\/stories\/hochzeit6\/thumbnails\/thumb_hochzeit_03.jpg\" alt=\"\" width=\"101\" border=\"0\" \/><\/a><\/td>\n<\/tr>\n<\/tbody>\n<\/table>\n<div align=\"left\"><span style=\"font-size: 8pt;\">Foto: Monika Vitzthum<\/span><\/div>\n<\/div>\n<div align=\"left\">Ein Traum aus weichflie\u00dfendem Voile betont den \u201egl\u00fccklichen Umstand\u201c ebenso, wie er ihn auch verdeckt.<br \/>\nDie Duftigkeit ergibt sich aus der Verarbeitung von drei Stofflagen, die wiederum in verschiedenen Farben creme und wei\u00df gestuft sind. Dadurch entsteht ein zartes changieren\u00a0 des Kleides.(Im ungetragenen Zustand ist dieses Modell nur eine handvoll Stoff).<br \/>\nVerst\u00fcrzte, drei Zentimeter breite Tr\u00e4ger aus der gleichen Materialzusammenstellung sind am gereihten Oberteil angesetzt. Ein rolliertes cremefarbiges .bodenlanges Band schm\u00fcckt und betont die Hochg\u00fcrtung des weichflie\u00dfenden Kleides. Komplettiert wird das zarte Modell mit einer rollierten Stola, einer modelltypisch passenden Brauttasche und einer in Falten gelegten Rosette f\u00fcr den Brautstrau\u00df.<span style=\"text-align: center; letter-spacing: 0.04em;\">.<\/span><\/div>\n<div align=\"left\"><\/div>\n<div align=\"left\"><span style=\"text-align: center; letter-spacing: 0.04em;\"><strong>\u00a0Umstandskleid<\/strong><\/span><\/div>\n<div align=\"left\">\n<table border=\"0\" width=\"348\" cellspacing=\"5\" cellpadding=\"5\" align=\"center\">\n<tbody>\n<tr>\n<td><a class=\"jcebox\" title=\"Umstandskleid\" href=\"http:\/\/www.mode-franziska.de\/atelier\/images\/stories\/hochzeit7\/umstandskleid1.jpg\" rel=\"hochzeit7\"><img loading=\"lazy\" decoding=\"async\" src=\"http:\/\/www.mode-franziska.de\/atelier\/images\/stories\/hochzeit7\/thumbnails\/thumb_umstandskleid1.jpg\" alt=\"\" width=\"101\" height=\"150\" border=\"0\" \/><\/a><\/td>\n<td><a class=\"jcebox\" title=\"Umstandskleid\" href=\"http:\/\/www.mode-franziska.de\/atelier\/images\/stories\/hochzeit7\/umstandskleid2.jpg\" rel=\"hochzeit7\"><img loading=\"lazy\" decoding=\"async\" src=\"http:\/\/www.mode-franziska.de\/atelier\/images\/stories\/hochzeit7\/thumbnails\/thumb_umstandskleid2.jpg\" alt=\"\" width=\"101\" height=\"150\" border=\"0\" \/><\/a><\/td>\n<td><a class=\"jcebox\" title=\"Umstandskleid\" href=\"http:\/\/www.mode-franziska.de\/atelier\/images\/stories\/hochzeit7\/umstandskleid3.jpg\" rel=\"hochzeit7\"><img decoding=\"async\" src=\"http:\/\/www.mode-franziska.de\/atelier\/images\/stories\/hochzeit7\/thumbnails\/thumb_umstandskleid3.jpg\" alt=\"\" width=\"101\" border=\"0\" \/><\/a><\/td>\n<\/tr>\n<\/tbody>\n<\/table>\n<div align=\"left\"><span style=\"font-size: 8pt;\">Foto: Monika Vitzthum<\/span><\/div>\n<\/div>\n<div align=\"left\">Knapp zwei Jahre sp\u00e4ter ist die Principessabraut wieder in \u201egl\u00fccklichen Umst\u00e4nden\u201c. F\u00fcr einen festlichen Anlass lie\u00df sie das urspr\u00fcngliche Umstandsbrautkleid umarbeiten. \u00a0Dazu \u00a0wurden die Tr\u00e4ger zu einem Neckholder umfunktioniert, das Kleid auf knieumspielende L\u00e4nge gek\u00fcrzt und mit einer zarten schwarzen Spitze \u00fcberlagert. Schm\u00fcckendes Beiwerk ist ein in Falten gelegtes, aus dem Kleiderstoff verarbeitetes Band, das unter der Brust eingesetzt ist. \u00a0Klein Lena bekam aus dem restlichen Brautkleid ein s\u00fc\u00dfes Prinzesskleidchen mit duftigen Puff\u00e4rmeln, Bubikragen und Bindeband.<\/div>\n<div align=\"left\"><\/div>\n<div align=\"left\"><strong>Ganz in Wei\u00df mit einem Blumenstrauss\u00a0<\/strong><\/p>\n<table border=\"0\" width=\"348\" cellspacing=\"5\" cellpadding=\"5\" align=\"center\">\n<tbody>\n<tr>\n<td><a class=\"jcebox\" title=\"Ganz in Wei\u00df mit einem Blumenstrauss \" href=\"http:\/\/www.mode-franziska.de\/atelier\/images\/stories\/hochzeit5\/braut-2663.jpg\" rel=\"hochzeit5\"><img loading=\"lazy\" decoding=\"async\" src=\"http:\/\/www.mode-franziska.de\/atelier\/images\/stories\/hochzeit5\/thumbnails\/thumb_braut-2663.jpg\" alt=\"\" width=\"101\" height=\"150\" border=\"0\" \/><\/a><\/td>\n<td><a class=\"jcebox\" title=\"Ganz in Wei\u00df mit einem Blumenstrauss\" href=\"http:\/\/www.mode-franziska.de\/atelier\/images\/stories\/hochzeit5\/mutter-braut-2678.jpg\" rel=\"hochzeit5\"><img loading=\"lazy\" decoding=\"async\" src=\"http:\/\/www.mode-franziska.de\/atelier\/images\/stories\/hochzeit5\/thumbnails\/thumb_mutter-braut-2678.jpg\" alt=\"\" width=\"101\" height=\"150\" border=\"0\" \/><\/a><\/td>\n<td><a class=\"jcebox\" title=\"Ganz in Wei\u00df mit einem Blumenstrauss \" href=\"http:\/\/www.mode-franziska.de\/atelier\/images\/stories\/hochzeit5\/braut-2672.jpg\" rel=\"hochzeit5\"><img decoding=\"async\" src=\"http:\/\/www.mode-franziska.de\/atelier\/images\/stories\/hochzeit5\/thumbnails\/thumb_braut-2672.jpg\" alt=\"\" width=\"101\" border=\"0\" \/><\/a><\/td>\n<\/tr>\n<\/tbody>\n<\/table>\n<div align=\"left\"><span style=\"font-size: 8pt;\">Foto: Monika Vitzthum<\/span><\/div>\n<p>Dieses Modell aus gl\u00e4nzendem, reinwei\u00dfem\u00a0 Crepe Satin ist ein Pendant zu<br \/>\n\u201eRotes Kleid \u2013 Ein Hoch auf die Teilungsn\u00e4hte!\u201c(siehe Abendmode). Der Charme des Kleides besteht in dem Spiel aus der gl\u00e4nzenden und matten Seite des Satin und der schmeichelnden Schnittf\u00fchrung.\u00a0 Beim Brautkleid wurde die Schulternaht von der Halsspitze bis in den Oberarm gezogen, somit ergibt sich eine \u00fcberschnittene Schulter und eine noch gr\u00f6\u00dfere Betonung des V-f\u00f6rmigen Einsatzes von der Taille nach oben. Der\u00a0 Ausschnitt ist gerade gehalten.<br \/>\nBeim Bolero mit\u00a0 Kelchkragen und\u00a0 leicht ausgestellten Trompeten\u00e4rmeln ist\u00a0 die gl\u00e4nzende Seite des Crepe Satin als Oberstoff dominierend und die matte Seite\u00a0 erscheint am Kragen und in der Einsicht der ausgestellten \u00c4rmel.<br \/>\nEine schlichte Tasche aus dem selben Material kompletiert das Wunschkleid der Braut.<br \/>\nDie Perlen bestickte Brautspitze, die als Tr\u00e4ger der Brauttasche\u00a0 verwendet wird, ist das einzige schm\u00fcckende Accessoire an diesem Kleid, bei dem die Schlichtheit und die raffinierte Schnittf\u00fchrung\u00a0 federf\u00fchrend sind.<br \/>\nDas Outfit der Brautmutter ist in festlicher Mode beschrieben.<\/p>\n<\/div>\n<div align=\"left\"><\/div>\n<div align=\"left\"><strong>Fesch auch in anderen Umst\u00e4nden<\/strong><\/div>\n<div align=\"left\">\n<table border=\"0\" width=\"348\" cellspacing=\"5\" cellpadding=\"5\" align=\"center\">\n<tbody>\n<tr>\n<td><a class=\"jcebox\" title=\"Fesch auch in anderen Umst\u00e4nden\" href=\"http:\/\/www.mode-franziska.de\/atelier\/images\/stories\/hochzeit4\/umstand1.jpg\" rel=\"hochzeit4\"><img loading=\"lazy\" decoding=\"async\" src=\"http:\/\/www.mode-franziska.de\/atelier\/images\/stories\/hochzeit4\/thumbnails\/thumb_umstand1.jpg\" alt=\"\" width=\"101\" height=\"150\" border=\"0\" \/><\/a><\/td>\n<td><a class=\"jcebox\" title=\"Fesch auch in anderen Umst\u00e4nden\" href=\"http:\/\/www.mode-franziska.de\/atelier\/images\/stories\/hochzeit4\/umstand2.jpg\" rel=\"hochzeit4\"><img loading=\"lazy\" decoding=\"async\" src=\"http:\/\/www.mode-franziska.de\/atelier\/images\/stories\/hochzeit4\/thumbnails\/thumb_umstand2.jpg\" alt=\"\" width=\"101\" height=\"150\" border=\"0\" \/><\/a><\/td>\n<td><a class=\"jcebox\" title=\"Fesch auch in anderen Umst\u00e4nden \" href=\"http:\/\/www.mode-franziska.de\/atelier\/images\/stories\/hochzeit4\/umstand3.jpg\" rel=\"hochzeit4\"><img loading=\"lazy\" decoding=\"async\" src=\"http:\/\/www.mode-franziska.de\/atelier\/images\/stories\/hochzeit4\/thumbnails\/thumb_umstand3.jpg\" alt=\"\" width=\"101\" height=\"150\" border=\"0\" \/><\/a><\/td>\n<td><a class=\"jcebox\" title=\"Fesch auch in anderen Umst\u00e4nden\" href=\"http:\/\/www.mode-franziska.de\/atelier\/images\/stories\/hochzeit4\/umstand4.jpg\" rel=\"hochzeit4\"><img decoding=\"async\" src=\"http:\/\/www.mode-franziska.de\/atelier\/images\/stories\/hochzeit4\/thumbnails\/thumb_umstand4.jpg\" alt=\"\" width=\"101\" border=\"0\" \/><\/a><\/td>\n<\/tr>\n<\/tbody>\n<\/table>\n<div align=\"left\"><span style=\"font-size: 8pt;\">Foto: Monika Vitzthum<\/span><\/div>\n<div align=\"left\">Zur standesamtlichen Trauung tr\u00e4gt die werdende Mutter ein hochgeg\u00fcrtetes Kleid aus schokobraunem, weichflie\u00dfendem Crepe Satin. Der besondere Blickfang im Dekollete ist der farbgleiche, gl\u00e4nzende Falteneinsatz. Dieser wird von einem tief ausgeschnittenen in der vorderen Mitte gewickelten und mit schmalen Tr\u00e4gern versehenem Oberteil eingerahmt. Ebenso wie das knappe Oberteil ist der bodenlange\u00a0 Rock in der matten Stoffseite verarbeitet. Der Rock wurde im Vorderteil mit zwei Quetschfalten und im R\u00fcckteil wegen der schmalen Silhouette mit Abn\u00e4hern gen\u00e4ht. Ein gl\u00e4nzender Bindeg\u00fcrtel rundet das Outfit ab.<\/div>\n<\/div>\n<p><a title=\"Damen\" name=\"Damen\"><\/a><\/p>\n<div align=\"left\"><strong>Corsagenkleid &#8211; Die Braut die sich nochmal traut<\/strong><\/p>\n<table border=\"0\" width=\"348\" cellspacing=\"5\" cellpadding=\"5\" align=\"center\">\n<tbody>\n<tr>\n<td>\n<div align=\"center\"><a class=\"jcebox\" title=\"Die Braut die sich nochmal traut\" href=\"http:\/\/www.mode-franziska.de\/atelier\/images\/stories\/Hochzeit3\/hoch.jpg\" rel=\"Hochzeit3\"><img decoding=\"async\" src=\"http:\/\/www.mode-franziska.de\/atelier\/images\/stories\/Hochzeit3\/thumbnails\/thumb_hoch.jpg\" alt=\"\" border=\"0\" \/><\/a><\/div>\n<\/td>\n<td><a class=\"jcebox\" title=\"Die Braut die sich nochmal traut\" href=\"http:\/\/www.mode-franziska.de\/atelier\/images\/stories\/Hochzeit3\/hoch-2.jpg\" rel=\"Hochzeit3\"><img decoding=\"async\" src=\"http:\/\/www.mode-franziska.de\/atelier\/images\/stories\/Hochzeit3\/thumbnails\/thumb_hoch-2.jpg\" alt=\"\" border=\"0\" \/><\/a><\/td>\n<td><a class=\"jcebox\" title=\"Die Braut die sich nochmal traut\" href=\"http:\/\/www.mode-franziska.de\/atelier\/images\/stories\/Hochzeit3\/hoch-3.jpg\" rel=\"Hochzeit3\"><img decoding=\"async\" src=\"http:\/\/www.mode-franziska.de\/atelier\/images\/stories\/Hochzeit3\/thumbnails\/thumb_hoch-3.jpg\" alt=\"\" border=\"0\" \/><\/a><\/td>\n<td><\/td>\n<td><\/td>\n<td><\/td>\n<\/tr>\n<tr>\n<td><a class=\"jcebox\" title=\"Die Braut die sich nochmal traut\" href=\"http:\/\/www.mode-franziska.de\/atelier\/images\/stories\/Hochzeit3\/hoch-4.jpg\" rel=\"Hochzeit3\"><img decoding=\"async\" src=\"http:\/\/www.mode-franziska.de\/atelier\/images\/stories\/Hochzeit3\/thumbnails\/thumb_hoch-4.jpg\" alt=\"\" border=\"0\" \/><\/a><\/td>\n<td><a class=\"jcebox\" title=\"Die Braut die sich nochmal traut\" href=\"http:\/\/www.mode-franziska.de\/atelier\/images\/stories\/Hochzeit3\/hoch-5.jpg\" rel=\"Hochzeit3\"><img decoding=\"async\" src=\"http:\/\/www.mode-franziska.de\/atelier\/images\/stories\/Hochzeit3\/thumbnails\/thumb_hoch-5.jpg\" alt=\"\" border=\"0\" \/><\/a><\/td>\n<td><a class=\"jcebox\" title=\"Die Braut die sich nochmal traut\" href=\"http:\/\/www.mode-franziska.de\/atelier\/images\/stories\/Hochzeit3\/hoch-6.jpg\" rel=\"Hochzeit3\"><img decoding=\"async\" src=\"http:\/\/www.mode-franziska.de\/atelier\/images\/stories\/Hochzeit3\/thumbnails\/thumb_hoch-6.jpg\" alt=\"\" border=\"0\" \/><\/a><\/td>\n<td><\/td>\n<td><\/td>\n<td><\/td>\n<\/tr>\n<\/tbody>\n<\/table>\n<div align=\"left\"><span style=\"font-size: 8pt;\">Foto: Monika Vitzthum<\/span><\/div>\n<\/div>\n<div align=\"left\">Wei\u00dfer, weichflie\u00dfender Crepe Satin betont die damenhafte, k\u00f6rperumschmeichelnde Schnittf\u00fchrung des Corsagenkleides. Das Vorderteil ist schmal gehalten. Die Teilungsn\u00e4hte sind\u00a0 ab Knieh\u00f6he bis zum Boden geschlitzt und mit\u00a0 transparentem Stickereit\u00fcll unterlegt, das dem Kleid eine bewusste Raffinesse verleiht. Der R\u00fccken hat einen Hackenverschluss. Eine locker drapierte Zierblende aus zartem Stickereit\u00fcll legt sich optisch streckend vom bogenf\u00f6rmigen Ausschnitt schr\u00e4g zur hinteren Mitte auf H\u00fcfttiefe. Ab hier f\u00e4llt der T\u00fcll locker \u00fcber das weit ausgestellte Rockteil zu Boden und unterstreicht noch die angedeutete Schleppenwirkung des Kleides. Kleine, in die Drapeesch\u00e4rpe eingearbeitete Perlen, betonen die \u00e4sthetische Wirkung. Das Kleid hat einen Unterbau aus orthop\u00e4dischem Corsagendrell, der vorne auf Leistenh\u00f6he (bequemes Sitzen) und hinten auf H\u00fcfttiefe (umschmeichelnde Form) geschnitten ist. Die Stabilit\u00e4t der Corsage bewirken in die Teilungsn\u00e4hte eingearbeitete Spiralst\u00e4bchen. Die zarte Bluse mit den kurzen Raglan\u00e4rmeln und einem streckenden Kelchkragen ist aus dem gleichen bestickten Feint\u00fcll wie die Drapeesch\u00e4rpe. Sie wird unter der Corsage getragen um das Gesamtbild vorteilhaft abzurunden. Die\u00a0 Kanten sind mit einer feinen Spitze in Perlenoptik vers\u00e4ubert.<\/div>\n<div align=\"left\">\n<div align=\"left\"><strong><strong>Braut mit Kindern &#8211; Hochzeitsensemble<\/strong><br \/>\n<\/strong><\/div>\n<p><a title=\"Kinder\" name=\"Kinder\"><\/a><\/p>\n<table border=\"0\" width=\"348\" cellspacing=\"5\" cellpadding=\"5\" align=\"center\">\n<tbody>\n<tr>\n<td>\n<div align=\"center\"><a class=\"jcebox\" title=\"Braut mit Kindern - Hochzeitsensemble\" href=\"http:\/\/www.mode-franziska.de\/atelier\/images\/stories\/Hochzeit2\/braut1.jpg\" rel=\"Hochzeit2\"><img decoding=\"async\" src=\"http:\/\/www.mode-franziska.de\/atelier\/images\/stories\/Hochzeit2\/thumbnails\/thumb_braut1.jpg\" alt=\"\" border=\"0\" \/><\/a><\/div>\n<\/td>\n<td><a class=\"jcebox\" title=\"Braut mit Kindern - Hochzeitsensemble\" href=\"http:\/\/www.mode-franziska.de\/atelier\/images\/stories\/Hochzeit2\/braut2.jpg\" rel=\"Hochzeit2\"><img decoding=\"async\" src=\"http:\/\/www.mode-franziska.de\/atelier\/images\/stories\/Hochzeit2\/thumbnails\/thumb_braut2.jpg\" alt=\"\" border=\"0\" \/><\/a><\/td>\n<td><a class=\"jcebox\" title=\"Braut mit Kindern - Hochzeitsensemble\" href=\"http:\/\/www.mode-franziska.de\/atelier\/images\/stories\/Hochzeit2\/braut_kind.jpg\" rel=\"Hochzeit2\"><img decoding=\"async\" src=\"http:\/\/www.mode-franziska.de\/atelier\/images\/stories\/Hochzeit2\/thumbnails\/thumb_braut_kind.jpg\" alt=\"\" border=\"0\" \/><\/a><\/td>\n<\/tr>\n<\/tbody>\n<\/table>\n<div align=\"left\"><span style=\"font-size: 8pt;\">Foto: Privat\/Gottwald<\/span><\/div>\n<p>Die Braut tr\u00e4gt einen r\u00fcschenbesetzten Stufenrock aus rohwei\u00dfem Seidentaft mit langer Schleppe und breitem, taillenbetonenden\u00a0 Bund, sowie eine duftige Tupfenbluse mit\u00a0 Volantr\u00fcsche.<br \/>\nDie Kleider der M\u00e4dchen sind farblich und stilm\u00e4\u00dfig passend gearbeitet.\u00a0 Der dreistufige Rock des Models kann jedoch variiert werden, indem man\u00a0 den untersten, bodenlangen Teil auszieht. Somit\u00a0 hat es Festkleidl\u00e4nge, bietet aber auch den Vorteil noch bei weiteren Anl\u00e4ssen getragen werden zu k\u00f6nnen. Als auffrischenden Akzent ziert ein pinkfarbiges Satinband die Taille.<br \/>\nDer Junge ist im \u201eMozartstil\u201c gekleidet. Die hellgraue Bundhose ist stilgerecht mit schr\u00e4gem Schlitz gearbeitet.\u00a0 Als interessantes Beiwerk des Hemdes dient ein spitzenbesetztes Jabot.<\/p>\n<p><strong>\u00a0<\/strong><\/p>\n<\/div>\n","protected":false},"excerpt":{"rendered":"<p>weitere Modelle Mit einem einzigartigen wundersch\u00f6nen Traumkleid f\u00fcr die Braut und einem eleganten Hochzeitsanzug f\u00fcr den Br\u00e4utigam feiern und genie\u00dfen Sie Ihren unvergesslichen Hochzeitstag. Damen &#8211;Kinder Principessa Foto: Monika Vitzthum Ein Traum aus weichflie\u00dfendem Voile betont den \u201egl\u00fccklichen Umstand\u201c ebenso, wie er ihn auch verdeckt. Die Duftigkeit ergibt sich aus der Verarbeitung von drei Stofflagen, [&hellip;]<\/p>\n","protected":false},"author":1,"featured_media":0,"parent":0,"menu_order":1,"comment_status":"closed","ping_status":"closed","template":"","meta":{"_et_pb_use_builder":"","_et_pb_old_content":"","_et_gb_content_width":"793","footnotes":""},"class_list":["post-313","page","type-page","status-publish","hentry"],"_links":{"self":[{"href":"https:\/\/mode-franziska.de\/neu\/wp-json\/wp\/v2\/pages\/313","targetHints":{"allow":["GET"]}}],"collection":[{"href":"https:\/\/mode-franziska.de\/neu\/wp-json\/wp\/v2\/pages"}],"about":[{"href":"https:\/\/mode-franziska.de\/neu\/wp-json\/wp\/v2\/types\/page"}],"author":[{"embeddable":true,"href":"https:\/\/mode-franziska.de\/neu\/wp-json\/wp\/v2\/users\/1"}],"replies":[{"embeddable":true,"href":"https:\/\/mode-franziska.de\/neu\/wp-json\/wp\/v2\/comments?post=313"}],"version-history":[{"count":4,"href":"https:\/\/mode-franziska.de\/neu\/wp-json\/wp\/v2\/pages\/313\/revisions"}],"predecessor-version":[{"id":850,"href":"https:\/\/mode-franziska.de\/neu\/wp-json\/wp\/v2\/pages\/313\/revisions\/850"}],"wp:attachment":[{"href":"https:\/\/mode-franziska.de\/neu\/wp-json\/wp\/v2\/media?parent=313"}],"curies":[{"name":"wp","href":"https:\/\/api.w.org\/{rel}","templated":true}]}}